{"id":2,"date":"2023-12-21T15:48:36","date_gmt":"2023-12-21T15:48:36","guid":{"rendered":"https:\/\/elenacoli.therope.co\/?page_id=2"},"modified":"2025-10-08T17:48:15","modified_gmt":"2025-10-08T15:48:15","slug":"home","status":"publish","type":"page","link":"https:\/\/elenacoli.therope.co\/en\/","title":{"rendered":"Home"},"content":{"rendered":"<div id=\"image-video-carousel-full-block_8baee61f1098a9a9759cb5c74e4c9f27\" class=\"block-image-video-carousel-full\">\n                                <div class=\"item-single\">\n                \n                    <div class=\"item image-item bg-gradient\">\n                                                                                    <div class=\"bg-image mobile\">\n                                    <img decoding=\"async\" src=\"https:\/\/elenacoli.therope.co\/wp-content\/uploads\/2025\/10\/Splash-placeholder.jpg\" alt=\"carousel image\">\n                                <\/div>\n                                                                                        <div class=\"bg-image desktop\">\n                                    <img decoding=\"async\" src=\"https:\/\/elenacoli.therope.co\/wp-content\/uploads\/2025\/10\/Splash-placeholder.jpg\" alt=\"carousel image\">\n                                <\/div>\n                                                    \n                        <div class=\"item-info\">\n                            <h1 class=\"title-1 title\">lorem ipsum dolor<\/h1>                            <p class=\"sub-title\">Lorem ipsum dolor sit amet, consectetur adipiscing.<\/p>                        <\/div>\n\n                        <div class=\"item-info-btn\">\n                                                            <a class=\"btn-white\" href=\"https:\/\/elenacoli.therope.co\/product-category\/kimonos\/\" target=\"_self\">\n                                    EXPLORE COLLECTION                                <\/a>\n                            \n                                                    <\/div>\n                    <\/div>\n                            <\/div>\n            <\/div>\n\n    <script>\n        jQuery(document).ready(function() {\n            \n                if (jQuery('#image-video-carousel-full-block_8baee61f1098a9a9759cb5c74e4c9f27 .owl-carousel .item').length > 1) {\n                    jQuery('#image-video-carousel-full-block_8baee61f1098a9a9759cb5c74e4c9f27 .owl-carousel').owlCarousel({\n                        loop: true,\n                        margin: 0,\n                        nav: false,\n                        dots: true,\n                        responsive: {\n                            0: {\n                                items: 1\n                            },\n                            600: {\n                                items: 1\n                            },\n                            1000: {\n                                items: 1\n                            }\n                        }\n                    });\n                } else {\n                    jQuery('#image-video-carousel-full-block_8baee61f1098a9a9759cb5c74e4c9f27 .item-single').addClass('item-single');\n                }\n\n                if (!jQuery('body').hasClass('wp-admin')) {\n                    function updateAspectRatio() {\n                        const images = document.querySelectorAll('#image-video-carousel-full-block_8baee61f1098a9a9759cb5c74e4c9f27 .owl-item .bg-image img');\n                        images.forEach(image => {\n                            const container = image.closest('.bg-image');\n                            if (container) {\n                                const aspectRatio = container.offsetWidth \/ container.offsetHeight;\n                                image.style.aspectRatio = aspectRatio;\n                            }\n                        });\n                    }\n\n                    updateAspectRatio();\n                    window.addEventListener('resize', updateAspectRatio);\n                }\n        });\n\n    <\/script><div id=\"products-carousel-block_43f691ee9077e9621e949ed9f3232a92\" class=\"block-products-carousel\">\n    <div class=\"container\">\n        <h5 class=\"title-3\">Our Favourites<\/h5>\n\n        <div class=\"woocommerce columns-4 \"><div class=\"products columns-4 owl-carousel owl-theme\"><div class=\"product type-product post-995 status-publish first instock product_cat-kimonos has-post-thumbnail shipping-taxable purchasable product-type-simple\">\n    <a href=\"https:\/\/elenacoli.therope.co\/en\/product\/kimono-classico-bouquet-noir\/\" class=\"woocommerce-LoopProduct-link woocommerce-loop-product__link\">\n        <picture>\n            <img decoding=\"async\" src=\"https:\/\/elenacoli.therope.co\/wp-content\/uploads\/2025\/10\/IMG_2921-2700x3600.jpg\"\n                alt=\"BERENICE &#8211; Kimono classico iris blossoms, Black\"\n                class=\"woocommerce-loop-product__image\" \/>\n        <\/picture>\n        <h2 class=\"woocommerce-loop-product__title\">BERENICE &#8211; Kimono classico iris blossoms, Black<\/h2>\n        \n\t<span class=\"price\"><span class=\"woocommerce-Price-amount amount\"><bdi>780,00&nbsp;<span class=\"woocommerce-Price-currencySymbol\">&euro;<\/span><\/bdi><\/span><\/span>\n        <span class=\"ico-arrow\"><\/span>\n    <\/a>\n    <\/a><a href=\"?add-to-cart=995\" data-quantity=\"1\" class=\"button product_type_simple add_to_cart_button ajax_add_to_cart\" data-product_id=\"995\" data-product_sku=\"Kimono classico Bouquet Noir\" aria-label=\"Add to cart: &ldquo;BERENICE - Kimono classico iris blossoms, Black&rdquo;\" rel=\"nofollow\" data-success_message=\"&ldquo;BERENICE - Kimono classico iris blossoms, Black&rdquo; has been added to your cart\"><span>Add to cart<\/span><\/a><\/div><div class=\"product type-product post-984 status-publish instock product_cat-kimonos has-post-thumbnail shipping-taxable purchasable product-type-simple\">\n    <a href=\"https:\/\/elenacoli.therope.co\/en\/product\/nero\/\" class=\"woocommerce-LoopProduct-link woocommerce-loop-product__link\">\n        <picture>\n            <img decoding=\"async\" src=\"https:\/\/elenacoli.therope.co\/wp-content\/uploads\/2025\/10\/IMG_2708-2700x3600.jpg\"\n                alt=\"Era &#8211; Kimono classico Nero\"\n                class=\"woocommerce-loop-product__image\" \/>\n        <\/picture>\n        <h2 class=\"woocommerce-loop-product__title\">Era &#8211; Kimono classico Nero<\/h2>\n        \n\t<span class=\"price\"><span class=\"woocommerce-Price-amount amount\"><bdi>800,00&nbsp;<span class=\"woocommerce-Price-currencySymbol\">&euro;<\/span><\/bdi><\/span><\/span>\n        <span class=\"ico-arrow\"><\/span>\n    <\/a>\n    <\/a><a href=\"?add-to-cart=984\" data-quantity=\"1\" class=\"button product_type_simple add_to_cart_button ajax_add_to_cart\" data-product_id=\"984\" data-product_sku=\"Kimono classico Nero\" aria-label=\"Add to cart: &ldquo;Era - Kimono classico Nero&rdquo;\" rel=\"nofollow\" data-success_message=\"&ldquo;Era - Kimono classico Nero&rdquo; has been added to your cart\"><span>Add to cart<\/span><\/a><\/div><div class=\"product type-product post-969 status-publish instock product_cat-kimonos has-post-thumbnail shipping-taxable purchasable product-type-simple\">\n    <a href=\"https:\/\/elenacoli.therope.co\/en\/product\/giada\/\" class=\"woocommerce-LoopProduct-link woocommerce-loop-product__link\">\n        <picture>\n            <img decoding=\"async\" src=\"https:\/\/elenacoli.therope.co\/wp-content\/uploads\/2025\/10\/IMG_3241-2700x3600.jpg\"\n                alt=\"Era &#8211; Kimono classico Giada\"\n                class=\"woocommerce-loop-product__image\" \/>\n        <\/picture>\n        <h2 class=\"woocommerce-loop-product__title\">Era &#8211; Kimono classico Giada<\/h2>\n        \n\t<span class=\"price\"><span class=\"woocommerce-Price-amount amount\"><bdi>800,00&nbsp;<span class=\"woocommerce-Price-currencySymbol\">&euro;<\/span><\/bdi><\/span><\/span>\n        <span class=\"ico-arrow\"><\/span>\n    <\/a>\n    <\/a><a href=\"?add-to-cart=969\" data-quantity=\"1\" class=\"button product_type_simple add_to_cart_button ajax_add_to_cart\" data-product_id=\"969\" data-product_sku=\"Kimono classico Giada\" aria-label=\"Add to cart: &ldquo;Era - Kimono classico Giada&rdquo;\" rel=\"nofollow\" data-success_message=\"&ldquo;Era - Kimono classico Giada&rdquo; has been added to your cart\"><span>Add to cart<\/span><\/a><\/div><\/div><\/div>    <\/div>\n<\/div>\n\n<script>\n    jQuery(document).ready(function() {\n        jQuery('.block-products-carousel .owl-carousel').owlCarousel({\n            loop: true,\n            margin: 20,\n            nav: true,\n            dots: false,\n            responsive: {\n                0: {\n                    items: 1\n                },\n                600: {\n                    items: 2\n                },\n                1000: {\n                    items: 3\n                }\n            }\n        });\n    });\n<\/script><div id=\"double-block-block_e8423a4aa67cb43f6d81334f2dc58d72\" class=\"block-double-block reverse\">\n    <div class=\"block-one block-title-pic\"  data-aos=\"fade-down\" data-aos-duration=\"4000\">\n              <img loading=\"lazy\" decoding=\"async\" width=\"1400\" height=\"1779\" src=\"https:\/\/elenacoli.therope.co\/wp-content\/uploads\/2025\/10\/about_1.jpg\" class=\"attachment-full size-full\" alt=\"\" srcset=\"https:\/\/elenacoli.therope.co\/wp-content\/uploads\/2025\/10\/about_1.jpg 1400w, https:\/\/elenacoli.therope.co\/wp-content\/uploads\/2025\/10\/about_1-236x300.jpg 236w, https:\/\/elenacoli.therope.co\/wp-content\/uploads\/2025\/10\/about_1-806x1024.jpg 806w, https:\/\/elenacoli.therope.co\/wp-content\/uploads\/2025\/10\/about_1-768x976.jpg 768w, https:\/\/elenacoli.therope.co\/wp-content\/uploads\/2025\/10\/about_1-1209x1536.jpg 1209w, https:\/\/elenacoli.therope.co\/wp-content\/uploads\/2025\/10\/about_1-991x1259.jpg 991w, https:\/\/elenacoli.therope.co\/wp-content\/uploads\/2025\/10\/about_1-767x975.jpg 767w, https:\/\/elenacoli.therope.co\/wp-content\/uploads\/2025\/10\/about_1-1280x1627.jpg 1280w, https:\/\/elenacoli.therope.co\/wp-content\/uploads\/2025\/10\/about_1-618x785.jpg 618w, https:\/\/elenacoli.therope.co\/wp-content\/uploads\/2025\/10\/about_1-880x1118.jpg 880w, https:\/\/elenacoli.therope.co\/wp-content\/uploads\/2025\/10\/about_1-600x762.jpg 600w\" sizes=\"auto, (max-width: 1400px) 100vw, 1400px\" \/>            <h3 class=\"title-2\"><\/h3>\n    <\/div>\n    <div class=\"block-two block-title-pic-button\" style=\"background-color: #565656;\">\n              <h3 class=\"title-3\" data-aos=\"fade-up\">About the brand<\/h3>\n        <span class=\"title-section\" data-aos=\"fade-down\" data-aos-duration=\"4000\"><\/span>\n                          <div class=\"custom-content\" data-aos=\"fade-up\" data-aos-duration=\"2000\"><p>Ogni fibra \u00e8 selezionata con cura, ogni trama \u00e8 studiata per esaltare la luminosit\u00e0 naturale del tessuto, che diventa protagonista assoluto di ogni creazione.<\/p>\n<p>\u201cI nostri kimono sono arte tessile, simbolo di lusso raro e duraturo che i nostri clienti non potranno fare a meno di vivere\u201d<\/p>\n<\/div>\n                          <a class=\"btn-black\" href=\"https:\/\/elenacoli.therope.co\/about\/\" target=\"\">\n            Discover More          <\/a>\n                  <\/div>\n  <\/div><div id=\"double-launch-block-block_e79797b9131fc58bb27db14508a07892\" class=\"block-double-launch-block\">\n\n        <!-- Block One -->\n        <div class=\"block-one\">\n                            <figure>\n                    <img loading=\"lazy\" decoding=\"async\" width=\"1400\" height=\"2000\" src=\"https:\/\/elenacoli.therope.co\/wp-content\/uploads\/2025\/10\/Homepage-trousers.jpg\" class=\"attachment-full size-full\" alt=\"Image\" srcset=\"https:\/\/elenacoli.therope.co\/wp-content\/uploads\/2025\/10\/Homepage-trousers.jpg 1400w, https:\/\/elenacoli.therope.co\/wp-content\/uploads\/2025\/10\/Homepage-trousers-210x300.jpg 210w, https:\/\/elenacoli.therope.co\/wp-content\/uploads\/2025\/10\/Homepage-trousers-717x1024.jpg 717w, https:\/\/elenacoli.therope.co\/wp-content\/uploads\/2025\/10\/Homepage-trousers-768x1097.jpg 768w, https:\/\/elenacoli.therope.co\/wp-content\/uploads\/2025\/10\/Homepage-trousers-1075x1536.jpg 1075w, https:\/\/elenacoli.therope.co\/wp-content\/uploads\/2025\/10\/Homepage-trousers-991x1416.jpg 991w, https:\/\/elenacoli.therope.co\/wp-content\/uploads\/2025\/10\/Homepage-trousers-767x1096.jpg 767w, https:\/\/elenacoli.therope.co\/wp-content\/uploads\/2025\/10\/Homepage-trousers-1280x1829.jpg 1280w, https:\/\/elenacoli.therope.co\/wp-content\/uploads\/2025\/10\/Homepage-trousers-618x883.jpg 618w, https:\/\/elenacoli.therope.co\/wp-content\/uploads\/2025\/10\/Homepage-trousers-880x1257.jpg 880w, https:\/\/elenacoli.therope.co\/wp-content\/uploads\/2025\/10\/Homepage-trousers-600x857.jpg 600w\" sizes=\"auto, (max-width: 1400px) 100vw, 1400px\" \/>                <\/figure>\n                                        <a href=\"https:\/\/elenacoli.therope.co\/shop\/\" class=\"btn-link\" target=\"\" title=\"Shop\">\n                                <div class=\"block-one-content\">\n                    <h2 class=\"block-title\" data-aos=\"fade-right\" data-aos-offset=\"300\" data-aos-easing=\"ease-in-sine\">Pantaloni<\/h2>\n                    <div class=\"block-description\" data-aos=\"fade-up\" data-aos-anchor-placement=\"top-bottom\"><p>Lorem ipsum dolor sit amet, consectetur adipiscing elit, sed do eiusmod tempor incididunt ut labore.<\/p>\n<\/div>\n                <\/div>\n                                <\/a>\n                    <\/div>\n\n        <!-- Block Two -->\n        <div class=\"block-two\">\n                            <figure>\n                    <img loading=\"lazy\" decoding=\"async\" width=\"1400\" height=\"2000\" src=\"https:\/\/elenacoli.therope.co\/wp-content\/uploads\/2025\/10\/Homepage-acessori.jpg\" class=\"attachment-full size-full\" alt=\"Image\" srcset=\"https:\/\/elenacoli.therope.co\/wp-content\/uploads\/2025\/10\/Homepage-acessori.jpg 1400w, https:\/\/elenacoli.therope.co\/wp-content\/uploads\/2025\/10\/Homepage-acessori-210x300.jpg 210w, https:\/\/elenacoli.therope.co\/wp-content\/uploads\/2025\/10\/Homepage-acessori-717x1024.jpg 717w, https:\/\/elenacoli.therope.co\/wp-content\/uploads\/2025\/10\/Homepage-acessori-768x1097.jpg 768w, https:\/\/elenacoli.therope.co\/wp-content\/uploads\/2025\/10\/Homepage-acessori-1075x1536.jpg 1075w, https:\/\/elenacoli.therope.co\/wp-content\/uploads\/2025\/10\/Homepage-acessori-991x1416.jpg 991w, https:\/\/elenacoli.therope.co\/wp-content\/uploads\/2025\/10\/Homepage-acessori-767x1096.jpg 767w, https:\/\/elenacoli.therope.co\/wp-content\/uploads\/2025\/10\/Homepage-acessori-1280x1829.jpg 1280w, https:\/\/elenacoli.therope.co\/wp-content\/uploads\/2025\/10\/Homepage-acessori-618x883.jpg 618w, https:\/\/elenacoli.therope.co\/wp-content\/uploads\/2025\/10\/Homepage-acessori-880x1257.jpg 880w, https:\/\/elenacoli.therope.co\/wp-content\/uploads\/2025\/10\/Homepage-acessori-600x857.jpg 600w\" sizes=\"auto, (max-width: 1400px) 100vw, 1400px\" \/>                <\/figure>\n                                        <a href=\"https:\/\/elenacoli.therope.co\/shop\/\" class=\"btn-link\" target=\"\" title=\"Shop\">\n                                <div class=\"block-two-content\">\n                    <h2 class=\"block-title\" data-aos=\"fade-right\" data-aos-offset=\"300\" data-aos-easing=\"ease-in-sine\">Accessori<\/h2>\n                    <div class=\"block-description\"  data-aos=\"fade-up\" data-aos-anchor-placement=\"top-bottom\"><p>Lorem ipsum dolor sit amet, consectetur adipiscing elit, sed do eiusmod tempor incididunt ut labore.<\/p>\n<\/div>\n                <\/div>\n                                <\/a>\n                    <\/div>\n\n    <\/div><div id=\"single-block-block_6878a6ebceac17a4bbf5b6cd0979cd7c\" class=\"block-single-block\">\n\n                    <!-- Versione con background -->\n            <div class=\"block-single\">\n                                    <img loading=\"lazy\" decoding=\"async\" width=\"2000\" height=\"1000\" src=\"https:\/\/elenacoli.therope.co\/wp-content\/uploads\/2025\/10\/Quality-e-Traditions-3.jpg\" class=\"attachment-full size-full\" alt=\"QUALITY &amp; TRADITIONS\" srcset=\"https:\/\/elenacoli.therope.co\/wp-content\/uploads\/2025\/10\/Quality-e-Traditions-3.jpg 2000w, https:\/\/elenacoli.therope.co\/wp-content\/uploads\/2025\/10\/Quality-e-Traditions-3-300x150.jpg 300w, https:\/\/elenacoli.therope.co\/wp-content\/uploads\/2025\/10\/Quality-e-Traditions-3-1024x512.jpg 1024w, https:\/\/elenacoli.therope.co\/wp-content\/uploads\/2025\/10\/Quality-e-Traditions-3-768x384.jpg 768w, https:\/\/elenacoli.therope.co\/wp-content\/uploads\/2025\/10\/Quality-e-Traditions-3-1536x768.jpg 1536w, https:\/\/elenacoli.therope.co\/wp-content\/uploads\/2025\/10\/Quality-e-Traditions-3-1920x960.jpg 1920w, https:\/\/elenacoli.therope.co\/wp-content\/uploads\/2025\/10\/Quality-e-Traditions-3-991x496.jpg 991w, https:\/\/elenacoli.therope.co\/wp-content\/uploads\/2025\/10\/Quality-e-Traditions-3-767x384.jpg 767w, https:\/\/elenacoli.therope.co\/wp-content\/uploads\/2025\/10\/Quality-e-Traditions-3-1280x640.jpg 1280w, https:\/\/elenacoli.therope.co\/wp-content\/uploads\/2025\/10\/Quality-e-Traditions-3-618x309.jpg 618w, https:\/\/elenacoli.therope.co\/wp-content\/uploads\/2025\/10\/Quality-e-Traditions-3-880x440.jpg 880w, https:\/\/elenacoli.therope.co\/wp-content\/uploads\/2025\/10\/Quality-e-Traditions-3-600x300.jpg 600w\" sizes=\"auto, (max-width: 2000px) 100vw, 2000px\" \/>                                <div class=\"block-one-content\">\n                                            <h2 class=\"block-title\">QUALITY &amp; TRADITIONS<\/h2>\n                                                                <div class=\"block-description\"><p>Il tessuto \u00e8 al centro della nostra filosofia, ogni capo che realizziamo \u00e8 un prodotto esclusivo, il cui tessuto offre un\u2019esperienza sensoriale che accompagna a chi lo indossa, un lusso che sa di tradizione, di arte e di esclusivit\u00e0<\/p>\n<\/div>\n                                                        <\/div>\n            <\/div>\n        \n    <\/div>","protected":false},"excerpt":{"rendered":"","protected":false},"author":1,"featured_media":0,"parent":0,"menu_order":0,"comment_status":"closed","ping_status":"closed","template":"page-home.php","meta":{"_acf_changed":false,"inline_featured_image":false,"footnotes":""},"class_list":["post-2","page","type-page","status-publish","hentry"],"acf":[],"yoast_head":"<!-- This site is optimized with the Yoast SEO plugin v24.1 - https:\/\/yoast.com\/wordpress\/plugins\/seo\/ -->\n<title>Elena Coli | Store abbigliamento<\/title>\n<meta name=\"robots\" content=\"noindex, follow, max-snippet:-1, max-image-preview:large, max-video-preview:-1\" \/>\n<meta property=\"og:locale\" content=\"en_US\" \/>\n<meta property=\"og:type\" content=\"article\" \/>\n<meta property=\"og:title\" content=\"Elena Coli | Store abbigliamento\" \/>\n<meta property=\"og:url\" content=\"https:\/\/elenacoli.therope.co\/en\/\" \/>\n<meta property=\"og:site_name\" content=\"Elena Coli\" \/>\n<meta property=\"article:modified_time\" content=\"2025-10-08T15:48:15+00:00\" \/>\n<meta name=\"twitter:card\" content=\"summary_large_image\" \/>\n<meta name=\"twitter:label1\" content=\"Est. reading time\" \/>\n\t<meta name=\"twitter:data1\" content=\"4 minutes\" \/>\n<script type=\"application\/ld+json\" class=\"yoast-schema-graph\">{\"@context\":\"https:\/\/schema.org\",\"@graph\":[{\"@type\":\"WebPage\",\"@id\":\"https:\/\/elenacoli.therope.co\/en\/\",\"url\":\"https:\/\/elenacoli.therope.co\/en\/\",\"name\":\"Elena Coli | Store abbigliamento\",\"isPartOf\":{\"@id\":\"https:\/\/elenacoli.therope.co\/en\/#website\"},\"datePublished\":\"2023-12-21T15:48:36+00:00\",\"dateModified\":\"2025-10-08T15:48:15+00:00\",\"breadcrumb\":{\"@id\":\"https:\/\/elenacoli.therope.co\/en\/#breadcrumb\"},\"inLanguage\":\"en-US\",\"potentialAction\":[{\"@type\":\"ReadAction\",\"target\":[\"https:\/\/elenacoli.therope.co\/en\/\"]}]},{\"@type\":\"BreadcrumbList\",\"@id\":\"https:\/\/elenacoli.therope.co\/en\/#breadcrumb\",\"itemListElement\":[{\"@type\":\"ListItem\",\"position\":1,\"name\":\"Home\",\"item\":\"https:\/\/elenacoli.therope.co\/en\/\"},{\"@type\":\"ListItem\",\"position\":2,\"name\":\"Home\"}]},{\"@type\":\"WebSite\",\"@id\":\"https:\/\/elenacoli.therope.co\/en\/#website\",\"url\":\"https:\/\/elenacoli.therope.co\/en\/\",\"name\":\"The Project\",\"description\":\"Store abbigliamento\",\"potentialAction\":[{\"@type\":\"SearchAction\",\"target\":{\"@type\":\"EntryPoint\",\"urlTemplate\":\"https:\/\/elenacoli.therope.co\/en\/?s={search_term_string}\"},\"query-input\":{\"@type\":\"PropertyValueSpecification\",\"valueRequired\":true,\"valueName\":\"search_term_string\"}}],\"inLanguage\":\"en-US\"}]}<\/script>\n<!-- \/ Yoast SEO plugin. -->","yoast_head_json":{"title":"Elena Coli | Store abbigliamento","robots":{"index":"noindex","follow":"follow","max-snippet":"max-snippet:-1","max-image-preview":"max-image-preview:large","max-video-preview":"max-video-preview:-1"},"og_locale":"en_US","og_type":"article","og_title":"Elena Coli | Store abbigliamento","og_url":"https:\/\/elenacoli.therope.co\/en\/","og_site_name":"Elena Coli","article_modified_time":"2025-10-08T15:48:15+00:00","twitter_card":"summary_large_image","twitter_misc":{"Est. reading time":"4 minutes"},"schema":{"@context":"https:\/\/schema.org","@graph":[{"@type":"WebPage","@id":"https:\/\/elenacoli.therope.co\/en\/","url":"https:\/\/elenacoli.therope.co\/en\/","name":"Elena Coli | Store abbigliamento","isPartOf":{"@id":"https:\/\/elenacoli.therope.co\/en\/#website"},"datePublished":"2023-12-21T15:48:36+00:00","dateModified":"2025-10-08T15:48:15+00:00","breadcrumb":{"@id":"https:\/\/elenacoli.therope.co\/en\/#breadcrumb"},"inLanguage":"en-US","potentialAction":[{"@type":"ReadAction","target":["https:\/\/elenacoli.therope.co\/en\/"]}]},{"@type":"BreadcrumbList","@id":"https:\/\/elenacoli.therope.co\/en\/#breadcrumb","itemListElement":[{"@type":"ListItem","position":1,"name":"Home","item":"https:\/\/elenacoli.therope.co\/en\/"},{"@type":"ListItem","position":2,"name":"Home"}]},{"@type":"WebSite","@id":"https:\/\/elenacoli.therope.co\/en\/#website","url":"https:\/\/elenacoli.therope.co\/en\/","name":"The Project","description":"Store abbigliamento","potentialAction":[{"@type":"SearchAction","target":{"@type":"EntryPoint","urlTemplate":"https:\/\/elenacoli.therope.co\/en\/?s={search_term_string}"},"query-input":{"@type":"PropertyValueSpecification","valueRequired":true,"valueName":"search_term_string"}}],"inLanguage":"en-US"}]}},"_links":{"self":[{"href":"https:\/\/elenacoli.therope.co\/en\/wp-json\/wp\/v2\/pages\/2","targetHints":{"allow":["GET"]}}],"collection":[{"href":"https:\/\/elenacoli.therope.co\/en\/wp-json\/wp\/v2\/pages"}],"about":[{"href":"https:\/\/elenacoli.therope.co\/en\/wp-json\/wp\/v2\/types\/page"}],"author":[{"embeddable":true,"href":"https:\/\/elenacoli.therope.co\/en\/wp-json\/wp\/v2\/users\/1"}],"replies":[{"embeddable":true,"href":"https:\/\/elenacoli.therope.co\/en\/wp-json\/wp\/v2\/comments?post=2"}],"version-history":[{"count":27,"href":"https:\/\/elenacoli.therope.co\/en\/wp-json\/wp\/v2\/pages\/2\/revisions"}],"predecessor-version":[{"id":917,"href":"https:\/\/elenacoli.therope.co\/en\/wp-json\/wp\/v2\/pages\/2\/revisions\/917"}],"wp:attachment":[{"href":"https:\/\/elenacoli.therope.co\/en\/wp-json\/wp\/v2\/media?parent=2"}],"curies":[{"name":"wp","href":"https:\/\/api.w.org\/{rel}","templated":true}]}}