{"id":307,"date":"2024-12-17T17:02:07","date_gmt":"2024-12-17T16:02:07","guid":{"rendered":"https:\/\/elenacoli.therope.co\/?page_id=307"},"modified":"2025-10-09T15:44:44","modified_gmt":"2025-10-09T13:44:44","slug":"quality","status":"publish","type":"page","link":"https:\/\/elenacoli.therope.co\/en\/quality\/","title":{"rendered":"Quality"},"content":{"rendered":"<div id=\"single-block-block_183c76014fa16bccf08203e49e719963\" class=\"block-single-block\">\n\n                    <!-- Versione con background -->\n            <div class=\"block-single\">\n                                    <img loading=\"lazy\" decoding=\"async\" width=\"1920\" height=\"840\" src=\"https:\/\/elenacoli.therope.co\/wp-content\/uploads\/2025\/10\/Testata_quality-e-traditions.jpg\" class=\"attachment-full size-full\" alt=\"PRODOTTO E ARTIGIANALITA\u2019\" srcset=\"https:\/\/elenacoli.therope.co\/wp-content\/uploads\/2025\/10\/Testata_quality-e-traditions.jpg 1920w, https:\/\/elenacoli.therope.co\/wp-content\/uploads\/2025\/10\/Testata_quality-e-traditions-300x131.jpg 300w, https:\/\/elenacoli.therope.co\/wp-content\/uploads\/2025\/10\/Testata_quality-e-traditions-1024x448.jpg 1024w, https:\/\/elenacoli.therope.co\/wp-content\/uploads\/2025\/10\/Testata_quality-e-traditions-768x336.jpg 768w, https:\/\/elenacoli.therope.co\/wp-content\/uploads\/2025\/10\/Testata_quality-e-traditions-1536x672.jpg 1536w, https:\/\/elenacoli.therope.co\/wp-content\/uploads\/2025\/10\/Testata_quality-e-traditions-991x434.jpg 991w, https:\/\/elenacoli.therope.co\/wp-content\/uploads\/2025\/10\/Testata_quality-e-traditions-767x336.jpg 767w, https:\/\/elenacoli.therope.co\/wp-content\/uploads\/2025\/10\/Testata_quality-e-traditions-1280x560.jpg 1280w, https:\/\/elenacoli.therope.co\/wp-content\/uploads\/2025\/10\/Testata_quality-e-traditions-618x270.jpg 618w, https:\/\/elenacoli.therope.co\/wp-content\/uploads\/2025\/10\/Testata_quality-e-traditions-880x385.jpg 880w, https:\/\/elenacoli.therope.co\/wp-content\/uploads\/2025\/10\/Testata_quality-e-traditions-600x263.jpg 600w\" sizes=\"auto, (max-width: 1920px) 100vw, 1920px\" \/>                                <div class=\"block-one-content\">\n                                            <h2 class=\"block-title\">PRODOTTO E ARTIGIANALITA\u2019<\/h2>\n                                                                <div class=\"block-description\"><p>La qualit\u00e0 \u00e8 il nostro punto di partenza e il nostro obiettivo finale: selezioniamo solo tessuti pregiati, in particolare la seta, e li trasformiamo in capi unici interamente realizzati a mano da artigiani.<\/p>\n<\/div>\n                                                        <\/div>\n            <\/div>\n        \n    <\/div><div id=\"single-block-block_5d41d6555c0a432254f6bc1525621468\" class=\"block-single-block\">\n\n                    <!-- Versione senza background -->\n            <div class=\"block-single-paragraph\">\n                                                    <div class=\"block-description\"><p><span style=\"font-weight: 400\">La realizzazione del kimono \u00e8 un viaggio in cui il tempo \u00e8 un alleato; ogni cucitura \u00e8 pensata per mantenere intatta la bellezza del tessuto ed \u00e8 il riflesso del nostro impegno nella valorizzazione della tradizione sartoriale italiana. <\/span><span style=\"font-weight: 400\">Ogni fase, dalla tessitura alla cucitura, viene eseguita da mani esperte che, con precisione e passione, creano capi che non sono semplici vestiti, ma pezzi unici destinati a durare nel tempo.<\/span><\/p>\n<\/div>\n                                            <\/div>\n        \n    <\/div><div id=\"double-block-img-text-block_a374899f65c0c904f873bf5dbc026af2\" class=\"double-block-img-text layout3\" style=\"background-image: url(https:\/\/elenacoli.therope.co\/wp-content\/uploads\/2025\/10\/BG_quality-e-traditions_1.jpg);\">\n\n    <!-- Block One -->\n    <div class=\"block-one\">\n                    <figure data-aos=\"fade-right\"><img loading=\"lazy\" decoding=\"async\" width=\"1500\" height=\"1500\" src=\"https:\/\/elenacoli.therope.co\/wp-content\/uploads\/2025\/10\/quality-e-traditions-1.jpg\" class=\"attachment-full size-full\" alt=\"\" srcset=\"https:\/\/elenacoli.therope.co\/wp-content\/uploads\/2025\/10\/quality-e-traditions-1.jpg 1500w, https:\/\/elenacoli.therope.co\/wp-content\/uploads\/2025\/10\/quality-e-traditions-1-300x300.jpg 300w, https:\/\/elenacoli.therope.co\/wp-content\/uploads\/2025\/10\/quality-e-traditions-1-1024x1024.jpg 1024w, https:\/\/elenacoli.therope.co\/wp-content\/uploads\/2025\/10\/quality-e-traditions-1-150x150.jpg 150w, https:\/\/elenacoli.therope.co\/wp-content\/uploads\/2025\/10\/quality-e-traditions-1-768x768.jpg 768w, https:\/\/elenacoli.therope.co\/wp-content\/uploads\/2025\/10\/quality-e-traditions-1-991x991.jpg 991w, https:\/\/elenacoli.therope.co\/wp-content\/uploads\/2025\/10\/quality-e-traditions-1-767x767.jpg 767w, https:\/\/elenacoli.therope.co\/wp-content\/uploads\/2025\/10\/quality-e-traditions-1-1280x1280.jpg 1280w, https:\/\/elenacoli.therope.co\/wp-content\/uploads\/2025\/10\/quality-e-traditions-1-618x618.jpg 618w, https:\/\/elenacoli.therope.co\/wp-content\/uploads\/2025\/10\/quality-e-traditions-1-54x54.jpg 54w, https:\/\/elenacoli.therope.co\/wp-content\/uploads\/2025\/10\/quality-e-traditions-1-880x880.jpg 880w, https:\/\/elenacoli.therope.co\/wp-content\/uploads\/2025\/10\/quality-e-traditions-1-424x424.jpg 424w, https:\/\/elenacoli.therope.co\/wp-content\/uploads\/2025\/10\/quality-e-traditions-1-400x400.jpg 400w, https:\/\/elenacoli.therope.co\/wp-content\/uploads\/2025\/10\/quality-e-traditions-1-600x600.jpg 600w, https:\/\/elenacoli.therope.co\/wp-content\/uploads\/2025\/10\/quality-e-traditions-1-100x100.jpg 100w, https:\/\/elenacoli.therope.co\/wp-content\/uploads\/2025\/10\/quality-e-traditions-1-50x50.jpg 50w\" sizes=\"auto, (max-width: 1500px) 100vw, 1500px\" \/><\/figure>\n        \n        \n        \n        \n            <\/div>\n\n    <!-- Block Two -->\n    <div class=\"block-two\">\n        \n                    <h3 class=\"title-3\" data-aos=\"fade-down\" data-aos-offset=\"100\" data-aos-easing=\"ease-in-sine\">ECCELLENZA E TRADIZIONE<\/h3>\n        \n                    <h4 class=\"subtitle\" data-aos=\"fade-up\" data-aos-anchor-placement=\"top-bottom\"><p><span style=\"font-weight: 400\">La nostra scelta di lavorare a stretto contatto con piccole realt\u00e0 artigiane locali si riflette infatti in un processo produttivo lento e consapevole, in cui il lavoro meticoloso e non affrettato preserva le tradizioni delle realt\u00e0 manifatturiere italiane, mantenendo un alto livello di eccellenza.<\/span><\/p>\n<\/h4>\n        \n                    <div class=\"description\" data-aos=\"fade-up\" data-aos-anchor-placement=\"top-bottom\"><p><span style=\"font-weight: 400\">Il nostro modello \u201cmade to order\u201d riduce gli sprechi e gli avanzi di magazzino, ottimizziamo le risorse creiamo un ciclo di produzione sostenibile; in questo modo, ogni creazione diventa non solo un prodotto, ma un investimento in qualit\u00e0, tradizione e responsabilit\u00e0.<\/span><\/p>\n<\/div>\n        \n            <\/div>\n\n<\/div><div id=\"double-block-img-text-block_5a6a17649ba394173baae813249f3c4c\" class=\"double-block-img-text layout4\" >\n\n    <!-- Block One -->\n    <div class=\"block-one\">\n        \n                    <h3 class=\"title-3\" data-aos=\"fade-down\" data-aos-offset=\"100\" data-aos-easing=\"ease-in-sine\">eleganza senza tempo<\/h3>\n        \n                    <h4 class=\"subtitle\" data-aos=\"fade-up\" data-aos-anchor-placement=\"top-bottom\"><p><span style=\"font-weight: 400\">I nostri capi sono simboli, esperienze sensoriali, il frutto di un processo lento che ne esalta la morbidezza e la lucentezza, evocando un\u2019immediata sensazione di comfort ed al tempo stesso di esclusivit\u00e0.<\/span><\/p>\n<\/h4>\n        \n        \n            <\/div>\n\n    <!-- Block Two -->\n    <div class=\"block-two\">\n                    <figure data-aos=\"fade-left\"><img loading=\"lazy\" decoding=\"async\" width=\"1400\" height=\"1779\" src=\"https:\/\/elenacoli.therope.co\/wp-content\/uploads\/2025\/10\/quality-e-traditions_bottom.jpg\" class=\"attachment-full size-full\" alt=\"\" srcset=\"https:\/\/elenacoli.therope.co\/wp-content\/uploads\/2025\/10\/quality-e-traditions_bottom.jpg 1400w, https:\/\/elenacoli.therope.co\/wp-content\/uploads\/2025\/10\/quality-e-traditions_bottom-236x300.jpg 236w, https:\/\/elenacoli.therope.co\/wp-content\/uploads\/2025\/10\/quality-e-traditions_bottom-806x1024.jpg 806w, https:\/\/elenacoli.therope.co\/wp-content\/uploads\/2025\/10\/quality-e-traditions_bottom-768x976.jpg 768w, https:\/\/elenacoli.therope.co\/wp-content\/uploads\/2025\/10\/quality-e-traditions_bottom-1209x1536.jpg 1209w, https:\/\/elenacoli.therope.co\/wp-content\/uploads\/2025\/10\/quality-e-traditions_bottom-991x1259.jpg 991w, https:\/\/elenacoli.therope.co\/wp-content\/uploads\/2025\/10\/quality-e-traditions_bottom-767x975.jpg 767w, https:\/\/elenacoli.therope.co\/wp-content\/uploads\/2025\/10\/quality-e-traditions_bottom-1280x1627.jpg 1280w, https:\/\/elenacoli.therope.co\/wp-content\/uploads\/2025\/10\/quality-e-traditions_bottom-618x785.jpg 618w, https:\/\/elenacoli.therope.co\/wp-content\/uploads\/2025\/10\/quality-e-traditions_bottom-880x1118.jpg 880w, https:\/\/elenacoli.therope.co\/wp-content\/uploads\/2025\/10\/quality-e-traditions_bottom-600x762.jpg 600w\" sizes=\"auto, (max-width: 1400px) 100vw, 1400px\" \/><\/figure>\n        \n        \n        \n        \n            <\/div>\n\n<\/div>","protected":false},"excerpt":{"rendered":"","protected":false},"author":1,"featured_media":0,"parent":0,"menu_order":0,"comment_status":"closed","ping_status":"closed","template":"page-cms.php","meta":{"_acf_changed":false,"inline_featured_image":false,"footnotes":""},"class_list":["post-307","page","type-page","status-publish","hentry"],"acf":[],"yoast_head":"<!-- This site is optimized with the Yoast SEO plugin v24.1 - https:\/\/yoast.com\/wordpress\/plugins\/seo\/ -->\n<title>Quality | Elena Coli<\/title>\n<meta name=\"robots\" content=\"noindex, follow, max-snippet:-1, max-image-preview:large, max-video-preview:-1\" \/>\n<meta property=\"og:locale\" content=\"en_US\" \/>\n<meta property=\"og:type\" content=\"article\" \/>\n<meta property=\"og:title\" content=\"Quality | Elena Coli\" \/>\n<meta property=\"og:url\" content=\"https:\/\/elenacoli.therope.co\/en\/quality\/\" \/>\n<meta property=\"og:site_name\" content=\"Elena Coli\" \/>\n<meta property=\"article:modified_time\" content=\"2025-10-09T13:44:44+00:00\" \/>\n<meta name=\"twitter:card\" content=\"summary_large_image\" \/>\n<meta name=\"twitter:label1\" content=\"Est. reading time\" \/>\n\t<meta name=\"twitter:data1\" content=\"2 minutes\" \/>\n<script type=\"application\/ld+json\" class=\"yoast-schema-graph\">{\"@context\":\"https:\/\/schema.org\",\"@graph\":[{\"@type\":\"WebPage\",\"@id\":\"https:\/\/elenacoli.therope.co\/en\/quality\/\",\"url\":\"https:\/\/elenacoli.therope.co\/en\/quality\/\",\"name\":\"Quality | Elena Coli\",\"isPartOf\":{\"@id\":\"https:\/\/elenacoli.therope.co\/en\/#website\"},\"datePublished\":\"2024-12-17T16:02:07+00:00\",\"dateModified\":\"2025-10-09T13:44:44+00:00\",\"breadcrumb\":{\"@id\":\"https:\/\/elenacoli.therope.co\/en\/quality\/#breadcrumb\"},\"inLanguage\":\"en-US\",\"potentialAction\":[{\"@type\":\"ReadAction\",\"target\":[\"https:\/\/elenacoli.therope.co\/en\/quality\/\"]}]},{\"@type\":\"BreadcrumbList\",\"@id\":\"https:\/\/elenacoli.therope.co\/en\/quality\/#breadcrumb\",\"itemListElement\":[{\"@type\":\"ListItem\",\"position\":1,\"name\":\"Home\",\"item\":\"https:\/\/elenacoli.therope.co\/en\/\"},{\"@type\":\"ListItem\",\"position\":2,\"name\":\"Quality\"}]},{\"@type\":\"WebSite\",\"@id\":\"https:\/\/elenacoli.therope.co\/en\/#website\",\"url\":\"https:\/\/elenacoli.therope.co\/en\/\",\"name\":\"The Project\",\"description\":\"Store abbigliamento\",\"potentialAction\":[{\"@type\":\"SearchAction\",\"target\":{\"@type\":\"EntryPoint\",\"urlTemplate\":\"https:\/\/elenacoli.therope.co\/en\/?s={search_term_string}\"},\"query-input\":{\"@type\":\"PropertyValueSpecification\",\"valueRequired\":true,\"valueName\":\"search_term_string\"}}],\"inLanguage\":\"en-US\"}]}<\/script>\n<!-- \/ Yoast SEO plugin. -->","yoast_head_json":{"title":"Quality | Elena Coli","robots":{"index":"noindex","follow":"follow","max-snippet":"max-snippet:-1","max-image-preview":"max-image-preview:large","max-video-preview":"max-video-preview:-1"},"og_locale":"en_US","og_type":"article","og_title":"Quality | Elena Coli","og_url":"https:\/\/elenacoli.therope.co\/en\/quality\/","og_site_name":"Elena Coli","article_modified_time":"2025-10-09T13:44:44+00:00","twitter_card":"summary_large_image","twitter_misc":{"Est. reading time":"2 minutes"},"schema":{"@context":"https:\/\/schema.org","@graph":[{"@type":"WebPage","@id":"https:\/\/elenacoli.therope.co\/en\/quality\/","url":"https:\/\/elenacoli.therope.co\/en\/quality\/","name":"Quality | Elena Coli","isPartOf":{"@id":"https:\/\/elenacoli.therope.co\/en\/#website"},"datePublished":"2024-12-17T16:02:07+00:00","dateModified":"2025-10-09T13:44:44+00:00","breadcrumb":{"@id":"https:\/\/elenacoli.therope.co\/en\/quality\/#breadcrumb"},"inLanguage":"en-US","potentialAction":[{"@type":"ReadAction","target":["https:\/\/elenacoli.therope.co\/en\/quality\/"]}]},{"@type":"BreadcrumbList","@id":"https:\/\/elenacoli.therope.co\/en\/quality\/#breadcrumb","itemListElement":[{"@type":"ListItem","position":1,"name":"Home","item":"https:\/\/elenacoli.therope.co\/en\/"},{"@type":"ListItem","position":2,"name":"Quality"}]},{"@type":"WebSite","@id":"https:\/\/elenacoli.therope.co\/en\/#website","url":"https:\/\/elenacoli.therope.co\/en\/","name":"The Project","description":"Store abbigliamento","potentialAction":[{"@type":"SearchAction","target":{"@type":"EntryPoint","urlTemplate":"https:\/\/elenacoli.therope.co\/en\/?s={search_term_string}"},"query-input":{"@type":"PropertyValueSpecification","valueRequired":true,"valueName":"search_term_string"}}],"inLanguage":"en-US"}]}},"_links":{"self":[{"href":"https:\/\/elenacoli.therope.co\/en\/wp-json\/wp\/v2\/pages\/307","targetHints":{"allow":["GET"]}}],"collection":[{"href":"https:\/\/elenacoli.therope.co\/en\/wp-json\/wp\/v2\/pages"}],"about":[{"href":"https:\/\/elenacoli.therope.co\/en\/wp-json\/wp\/v2\/types\/page"}],"author":[{"embeddable":true,"href":"https:\/\/elenacoli.therope.co\/en\/wp-json\/wp\/v2\/users\/1"}],"replies":[{"embeddable":true,"href":"https:\/\/elenacoli.therope.co\/en\/wp-json\/wp\/v2\/comments?post=307"}],"version-history":[{"count":8,"href":"https:\/\/elenacoli.therope.co\/en\/wp-json\/wp\/v2\/pages\/307\/revisions"}],"predecessor-version":[{"id":931,"href":"https:\/\/elenacoli.therope.co\/en\/wp-json\/wp\/v2\/pages\/307\/revisions\/931"}],"wp:attachment":[{"href":"https:\/\/elenacoli.therope.co\/en\/wp-json\/wp\/v2\/media?parent=307"}],"curies":[{"name":"wp","href":"https:\/\/api.w.org\/{rel}","templated":true}]}}