{"id":42,"date":"2024-01-03T12:31:32","date_gmt":"2024-01-03T11:31:32","guid":{"rendered":"https:\/\/elenacoli.therope.co\/?page_id=42"},"modified":"2025-10-08T17:49:25","modified_gmt":"2025-10-08T15:49:25","slug":"about","status":"publish","type":"page","link":"https:\/\/elenacoli.therope.co\/en\/about\/","title":{"rendered":"About"},"content":{"rendered":"<div id=\"double-block-img-text-block_247433940a7ffeb78733e6bf27d928a0\" class=\"double-block-img-text layout1\" >\n\n    <!-- Block One -->\n    <div class=\"block-one\">\n                    <figure data-aos=\"fade-right\"><img loading=\"lazy\" decoding=\"async\" width=\"1400\" height=\"1779\" src=\"https:\/\/elenacoli.therope.co\/wp-content\/uploads\/2025\/10\/about_1-copy.jpg\" class=\"attachment-full size-full\" alt=\"\" srcset=\"https:\/\/elenacoli.therope.co\/wp-content\/uploads\/2025\/10\/about_1-copy.jpg 1400w, https:\/\/elenacoli.therope.co\/wp-content\/uploads\/2025\/10\/about_1-copy-236x300.jpg 236w, https:\/\/elenacoli.therope.co\/wp-content\/uploads\/2025\/10\/about_1-copy-806x1024.jpg 806w, https:\/\/elenacoli.therope.co\/wp-content\/uploads\/2025\/10\/about_1-copy-768x976.jpg 768w, https:\/\/elenacoli.therope.co\/wp-content\/uploads\/2025\/10\/about_1-copy-1209x1536.jpg 1209w, https:\/\/elenacoli.therope.co\/wp-content\/uploads\/2025\/10\/about_1-copy-991x1259.jpg 991w, https:\/\/elenacoli.therope.co\/wp-content\/uploads\/2025\/10\/about_1-copy-767x975.jpg 767w, https:\/\/elenacoli.therope.co\/wp-content\/uploads\/2025\/10\/about_1-copy-1280x1627.jpg 1280w, https:\/\/elenacoli.therope.co\/wp-content\/uploads\/2025\/10\/about_1-copy-618x785.jpg 618w, https:\/\/elenacoli.therope.co\/wp-content\/uploads\/2025\/10\/about_1-copy-880x1118.jpg 880w, https:\/\/elenacoli.therope.co\/wp-content\/uploads\/2025\/10\/about_1-copy-600x762.jpg 600w\" sizes=\"auto, (max-width: 1400px) 100vw, 1400px\" \/><\/figure>\n        \n        \n        \n        \n            <\/div>\n\n    <!-- Block Two -->\n    <div class=\"block-two\">\n        \n                    <h3 class=\"title-3\" data-aos=\"fade-down\" data-aos-offset=\"100\" data-aos-easing=\"ease-in-sine\">about elena coli<\/h3>\n        \n                    <h4 class=\"subtitle\" data-aos=\"fade-up\" data-aos-anchor-placement=\"top-bottom\"><p>La nostra azienda nasce nel cuore di Como, distretto serico di eccellenza, che da sempre privilegia un\u2019attenta selezione delle migliori materie prime e tecniche di lavorazione raffinate, che rendono la seta comasca simbolo di lusso e distinzione.<\/p>\n<\/h4>\n        \n                    <div class=\"description\" data-aos=\"fade-up\" data-aos-anchor-placement=\"top-bottom\"><p><span style=\"font-weight: 400\">Ogni capo che realizziamo \u00e8 un prodotto esclusivo, il cui tessuto offre un\u2019esperienza sensoriale che accompagna a chi lo indossa, un lusso che sa di tradizione, di arte e di esclusivit\u00e0.<\/span><\/p>\n<\/div>\n        \n            <\/div>\n\n<\/div><div id=\"single-block-block_d4cea92979921f21e1d7e8176c63f32d\" class=\"block-single-block\">\n\n                    <!-- Versione senza background -->\n            <div class=\"block-single-paragraph\">\n                                                    <div class=\"block-description\"><p><span style=\"font-weight: 400\">La fondatrice\u00a0 Elena Coli \u00e8 cresciuta in una realt\u00e0 tessile italiana, acquisendo fin da giovane una conoscenza diretta dei filati e dei processi produttivi. Questa radicata familiarit\u00e0 con il materiale, trasmessa di generazione in generazione, \u00e8 alla base della sua capacit\u00e0 di selezionare e lavorare i tessuti con un\u2019attenzione meticolosa alla qualit\u00e0.<\/span><\/p>\n<\/div>\n                                            <\/div>\n        \n    <\/div><div id=\"double-block-img-text-block_21caefbb8c8116f430083fd5288871c8\" class=\"double-block-img-text layout2\" >\n\n    <!-- Block One -->\n    <div class=\"block-one\">\n                    <figure data-aos=\"fade-right\"><img loading=\"lazy\" decoding=\"async\" width=\"1400\" height=\"1779\" src=\"https:\/\/elenacoli.therope.co\/wp-content\/uploads\/2025\/10\/about_3_placeholder.jpg\" class=\"attachment-full size-full\" alt=\"Il tessuto \u00e8 al centro della nostra filosofia\" srcset=\"https:\/\/elenacoli.therope.co\/wp-content\/uploads\/2025\/10\/about_3_placeholder.jpg 1400w, https:\/\/elenacoli.therope.co\/wp-content\/uploads\/2025\/10\/about_3_placeholder-236x300.jpg 236w, https:\/\/elenacoli.therope.co\/wp-content\/uploads\/2025\/10\/about_3_placeholder-806x1024.jpg 806w, https:\/\/elenacoli.therope.co\/wp-content\/uploads\/2025\/10\/about_3_placeholder-768x976.jpg 768w, https:\/\/elenacoli.therope.co\/wp-content\/uploads\/2025\/10\/about_3_placeholder-1209x1536.jpg 1209w, https:\/\/elenacoli.therope.co\/wp-content\/uploads\/2025\/10\/about_3_placeholder-991x1259.jpg 991w, https:\/\/elenacoli.therope.co\/wp-content\/uploads\/2025\/10\/about_3_placeholder-767x975.jpg 767w, https:\/\/elenacoli.therope.co\/wp-content\/uploads\/2025\/10\/about_3_placeholder-1280x1627.jpg 1280w, https:\/\/elenacoli.therope.co\/wp-content\/uploads\/2025\/10\/about_3_placeholder-618x785.jpg 618w, https:\/\/elenacoli.therope.co\/wp-content\/uploads\/2025\/10\/about_3_placeholder-880x1118.jpg 880w, https:\/\/elenacoli.therope.co\/wp-content\/uploads\/2025\/10\/about_3_placeholder-600x762.jpg 600w\" sizes=\"auto, (max-width: 1400px) 100vw, 1400px\" \/><\/figure>\n        \n                    <h3 class=\"title-3\" data-aos=\"fade-down\" data-aos-offset=\"100\" data-aos-easing=\"ease-in-sine\">Il tessuto \u00e8 al centro della nostra filosofia<\/h3>\n        \n        \n                    <div class=\"description\" data-aos=\"fade-up\" data-aos-anchor-placement=\"top-bottom\"><p><span style=\"font-weight: 400\">Ogni fibra \u00e8 selezionata con cura, ogni trama \u00e8 studiata per esaltare la luminosit\u00e0 naturale del tessuto, che diventa protagonista assoluto di ogni creazione.<\/span><\/p>\n<\/div>\n        \n            <\/div>\n\n    <!-- Block Two -->\n    <div class=\"block-two\">\n                    <figure data-aos=\"fade-left\"><img loading=\"lazy\" decoding=\"async\" width=\"1400\" height=\"1779\" src=\"https:\/\/elenacoli.therope.co\/wp-content\/uploads\/2025\/10\/about_1.jpg\" class=\"attachment-full size-full\" alt=\"\" srcset=\"https:\/\/elenacoli.therope.co\/wp-content\/uploads\/2025\/10\/about_1.jpg 1400w, https:\/\/elenacoli.therope.co\/wp-content\/uploads\/2025\/10\/about_1-236x300.jpg 236w, https:\/\/elenacoli.therope.co\/wp-content\/uploads\/2025\/10\/about_1-806x1024.jpg 806w, https:\/\/elenacoli.therope.co\/wp-content\/uploads\/2025\/10\/about_1-768x976.jpg 768w, https:\/\/elenacoli.therope.co\/wp-content\/uploads\/2025\/10\/about_1-1209x1536.jpg 1209w, https:\/\/elenacoli.therope.co\/wp-content\/uploads\/2025\/10\/about_1-991x1259.jpg 991w, https:\/\/elenacoli.therope.co\/wp-content\/uploads\/2025\/10\/about_1-767x975.jpg 767w, https:\/\/elenacoli.therope.co\/wp-content\/uploads\/2025\/10\/about_1-1280x1627.jpg 1280w, https:\/\/elenacoli.therope.co\/wp-content\/uploads\/2025\/10\/about_1-618x785.jpg 618w, https:\/\/elenacoli.therope.co\/wp-content\/uploads\/2025\/10\/about_1-880x1118.jpg 880w, https:\/\/elenacoli.therope.co\/wp-content\/uploads\/2025\/10\/about_1-600x762.jpg 600w\" sizes=\"auto, (max-width: 1400px) 100vw, 1400px\" \/><\/figure>\n        \n        \n        \n        \n            <\/div>\n\n<\/div><div id=\"single-block-block_cd71855834d3a77b5c3ad8f484a24600\" class=\"block-single-block\">\n\n                    <!-- Versione con background -->\n            <div class=\"block-single\">\n                                    <img loading=\"lazy\" decoding=\"async\" width=\"2000\" height=\"1000\" src=\"https:\/\/elenacoli.therope.co\/wp-content\/uploads\/2025\/10\/Quality-e-Traditions-3.jpg\" class=\"attachment-full size-full\" alt=\"qualit\u00c0 &amp; tradiZIONE\" srcset=\"https:\/\/elenacoli.therope.co\/wp-content\/uploads\/2025\/10\/Quality-e-Traditions-3.jpg 2000w, https:\/\/elenacoli.therope.co\/wp-content\/uploads\/2025\/10\/Quality-e-Traditions-3-300x150.jpg 300w, https:\/\/elenacoli.therope.co\/wp-content\/uploads\/2025\/10\/Quality-e-Traditions-3-1024x512.jpg 1024w, https:\/\/elenacoli.therope.co\/wp-content\/uploads\/2025\/10\/Quality-e-Traditions-3-768x384.jpg 768w, https:\/\/elenacoli.therope.co\/wp-content\/uploads\/2025\/10\/Quality-e-Traditions-3-1536x768.jpg 1536w, https:\/\/elenacoli.therope.co\/wp-content\/uploads\/2025\/10\/Quality-e-Traditions-3-1920x960.jpg 1920w, https:\/\/elenacoli.therope.co\/wp-content\/uploads\/2025\/10\/Quality-e-Traditions-3-991x496.jpg 991w, https:\/\/elenacoli.therope.co\/wp-content\/uploads\/2025\/10\/Quality-e-Traditions-3-767x384.jpg 767w, https:\/\/elenacoli.therope.co\/wp-content\/uploads\/2025\/10\/Quality-e-Traditions-3-1280x640.jpg 1280w, https:\/\/elenacoli.therope.co\/wp-content\/uploads\/2025\/10\/Quality-e-Traditions-3-618x309.jpg 618w, https:\/\/elenacoli.therope.co\/wp-content\/uploads\/2025\/10\/Quality-e-Traditions-3-880x440.jpg 880w, https:\/\/elenacoli.therope.co\/wp-content\/uploads\/2025\/10\/Quality-e-Traditions-3-600x300.jpg 600w\" sizes=\"auto, (max-width: 2000px) 100vw, 2000px\" \/>                                <div class=\"block-one-content\">\n                                            <h2 class=\"block-title\">qualit\u00c0 &amp; tradiZIONE<\/h2>\n                                                                <div class=\"block-description\"><p><i><span style=\"font-weight: 400\">\u201cI nostri kimono sono arte tessile, simbolo di lusso raro e duraturo che i nostri clienti non potranno fare a meno di vivere\u201d<\/span><\/i><\/p>\n<\/div>\n                                                        <\/div>\n            <\/div>\n        \n    <\/div>","protected":false},"excerpt":{"rendered":"","protected":false},"author":1,"featured_media":0,"parent":0,"menu_order":0,"comment_status":"closed","ping_status":"closed","template":"page-cms.php","meta":{"_acf_changed":false,"inline_featured_image":false,"footnotes":""},"class_list":["post-42","page","type-page","status-publish","hentry"],"acf":[],"yoast_head":"<!-- This site is optimized with the Yoast SEO plugin v24.1 - https:\/\/yoast.com\/wordpress\/plugins\/seo\/ -->\n<title>About | Elena Coli<\/title>\n<meta name=\"robots\" content=\"noindex, follow, max-snippet:-1, max-image-preview:large, max-video-preview:-1\" \/>\n<meta property=\"og:locale\" content=\"en_US\" \/>\n<meta property=\"og:type\" content=\"article\" \/>\n<meta property=\"og:title\" content=\"About | Elena Coli\" \/>\n<meta property=\"og:url\" content=\"https:\/\/elenacoli.therope.co\/en\/about\/\" \/>\n<meta property=\"og:site_name\" content=\"Elena Coli\" \/>\n<meta property=\"article:modified_time\" content=\"2025-10-08T15:49:25+00:00\" \/>\n<meta name=\"twitter:card\" content=\"summary_large_image\" \/>\n<meta name=\"twitter:label1\" content=\"Est. reading time\" \/>\n\t<meta name=\"twitter:data1\" content=\"2 minutes\" \/>\n<script type=\"application\/ld+json\" class=\"yoast-schema-graph\">{\"@context\":\"https:\/\/schema.org\",\"@graph\":[{\"@type\":\"WebPage\",\"@id\":\"https:\/\/elenacoli.therope.co\/en\/about\/\",\"url\":\"https:\/\/elenacoli.therope.co\/en\/about\/\",\"name\":\"About | Elena Coli\",\"isPartOf\":{\"@id\":\"https:\/\/elenacoli.therope.co\/en\/#website\"},\"datePublished\":\"2024-01-03T11:31:32+00:00\",\"dateModified\":\"2025-10-08T15:49:25+00:00\",\"breadcrumb\":{\"@id\":\"https:\/\/elenacoli.therope.co\/en\/about\/#breadcrumb\"},\"inLanguage\":\"en-US\",\"potentialAction\":[{\"@type\":\"ReadAction\",\"target\":[\"https:\/\/elenacoli.therope.co\/en\/about\/\"]}]},{\"@type\":\"BreadcrumbList\",\"@id\":\"https:\/\/elenacoli.therope.co\/en\/about\/#breadcrumb\",\"itemListElement\":[{\"@type\":\"ListItem\",\"position\":1,\"name\":\"Home\",\"item\":\"https:\/\/elenacoli.therope.co\/en\/\"},{\"@type\":\"ListItem\",\"position\":2,\"name\":\"About\"}]},{\"@type\":\"WebSite\",\"@id\":\"https:\/\/elenacoli.therope.co\/en\/#website\",\"url\":\"https:\/\/elenacoli.therope.co\/en\/\",\"name\":\"The Project\",\"description\":\"Store abbigliamento\",\"potentialAction\":[{\"@type\":\"SearchAction\",\"target\":{\"@type\":\"EntryPoint\",\"urlTemplate\":\"https:\/\/elenacoli.therope.co\/en\/?s={search_term_string}\"},\"query-input\":{\"@type\":\"PropertyValueSpecification\",\"valueRequired\":true,\"valueName\":\"search_term_string\"}}],\"inLanguage\":\"en-US\"}]}<\/script>\n<!-- \/ Yoast SEO plugin. -->","yoast_head_json":{"title":"About | Elena Coli","robots":{"index":"noindex","follow":"follow","max-snippet":"max-snippet:-1","max-image-preview":"max-image-preview:large","max-video-preview":"max-video-preview:-1"},"og_locale":"en_US","og_type":"article","og_title":"About | Elena Coli","og_url":"https:\/\/elenacoli.therope.co\/en\/about\/","og_site_name":"Elena Coli","article_modified_time":"2025-10-08T15:49:25+00:00","twitter_card":"summary_large_image","twitter_misc":{"Est. reading time":"2 minutes"},"schema":{"@context":"https:\/\/schema.org","@graph":[{"@type":"WebPage","@id":"https:\/\/elenacoli.therope.co\/en\/about\/","url":"https:\/\/elenacoli.therope.co\/en\/about\/","name":"About | Elena Coli","isPartOf":{"@id":"https:\/\/elenacoli.therope.co\/en\/#website"},"datePublished":"2024-01-03T11:31:32+00:00","dateModified":"2025-10-08T15:49:25+00:00","breadcrumb":{"@id":"https:\/\/elenacoli.therope.co\/en\/about\/#breadcrumb"},"inLanguage":"en-US","potentialAction":[{"@type":"ReadAction","target":["https:\/\/elenacoli.therope.co\/en\/about\/"]}]},{"@type":"BreadcrumbList","@id":"https:\/\/elenacoli.therope.co\/en\/about\/#breadcrumb","itemListElement":[{"@type":"ListItem","position":1,"name":"Home","item":"https:\/\/elenacoli.therope.co\/en\/"},{"@type":"ListItem","position":2,"name":"About"}]},{"@type":"WebSite","@id":"https:\/\/elenacoli.therope.co\/en\/#website","url":"https:\/\/elenacoli.therope.co\/en\/","name":"The Project","description":"Store abbigliamento","potentialAction":[{"@type":"SearchAction","target":{"@type":"EntryPoint","urlTemplate":"https:\/\/elenacoli.therope.co\/en\/?s={search_term_string}"},"query-input":{"@type":"PropertyValueSpecification","valueRequired":true,"valueName":"search_term_string"}}],"inLanguage":"en-US"}]}},"_links":{"self":[{"href":"https:\/\/elenacoli.therope.co\/en\/wp-json\/wp\/v2\/pages\/42","targetHints":{"allow":["GET"]}}],"collection":[{"href":"https:\/\/elenacoli.therope.co\/en\/wp-json\/wp\/v2\/pages"}],"about":[{"href":"https:\/\/elenacoli.therope.co\/en\/wp-json\/wp\/v2\/types\/page"}],"author":[{"embeddable":true,"href":"https:\/\/elenacoli.therope.co\/en\/wp-json\/wp\/v2\/users\/1"}],"replies":[{"embeddable":true,"href":"https:\/\/elenacoli.therope.co\/en\/wp-json\/wp\/v2\/comments?post=42"}],"version-history":[{"count":15,"href":"https:\/\/elenacoli.therope.co\/en\/wp-json\/wp\/v2\/pages\/42\/revisions"}],"predecessor-version":[{"id":919,"href":"https:\/\/elenacoli.therope.co\/en\/wp-json\/wp\/v2\/pages\/42\/revisions\/919"}],"wp:attachment":[{"href":"https:\/\/elenacoli.therope.co\/en\/wp-json\/wp\/v2\/media?parent=42"}],"curies":[{"name":"wp","href":"https:\/\/api.w.org\/{rel}","templated":true}]}}